{"id":9049,"date":"2023-05-01T12:45:00","date_gmt":"2023-05-01T17:45:00","guid":{"rendered":"https:\/\/melissalahur.com\/shop\/"},"modified":"2023-05-01T12:45:03","modified_gmt":"2023-05-01T17:45:03","slug":"shop","status":"publish","type":"page","link":"https:\/\/melissalahur.com\/en\/shop\/","title":{"rendered":"Shop"},"content":{"rendered":"","protected":false},"excerpt":{"rendered":"","protected":false},"author":2,"featured_media":0,"parent":0,"menu_order":0,"comment_status":"closed","ping_status":"closed","template":"","meta":{"footnotes":""},"class_list":["post-9049","page","type-page","status-publish","hentry"],"yoast_head":"<!-- This site is optimized with the Yoast SEO Premium plugin v25.6 (Yoast SEO v25.6) - https:\/\/yoast.com\/wordpress\/plugins\/seo\/ -->\n<title>Shop - Melissa L\u00e1hur - P\u00e1gina Oficial de la Artista y Cantante Colombiana<\/title>\n<meta name=\"robots\" content=\"index, follow, max-snippet:-1, max-image-preview:large, max-video-preview:-1\" \/>\n<link rel=\"canonical\" href=\"https:\/\/melissalahur.com\/en\/shop\/\" \/>\n<meta property=\"og:locale\" content=\"en_US\" \/>\n<meta property=\"og:type\" content=\"article\" \/>\n<meta property=\"og:title\" content=\"Shop\" \/>\n<meta property=\"og:url\" content=\"https:\/\/melissalahur.com\/en\/shop\/\" \/>\n<meta property=\"og:site_name\" content=\"Melissa L\u00e1hur - P\u00e1gina Oficial de la Artista y Cantante Colombiana\" \/>\n<meta property=\"article:modified_time\" content=\"2023-05-01T17:45:03+00:00\" \/>\n<meta name=\"twitter:card\" content=\"summary_large_image\" \/>\n<script type=\"application\/ld+json\" class=\"yoast-schema-graph\">{\"@context\":\"https:\/\/schema.org\",\"@graph\":[{\"@type\":\"WebPage\",\"@id\":\"https:\/\/melissalahur.com\/en\/shop\/\",\"url\":\"https:\/\/melissalahur.com\/en\/shop\/\",\"name\":\"Shop - Melissa L\u00e1hur - P\u00e1gina Oficial de la Artista y Cantante Colombiana\",\"isPartOf\":{\"@id\":\"https:\/\/melissalahur.com\/en\/#website\"},\"datePublished\":\"2023-05-01T17:45:00+00:00\",\"dateModified\":\"2023-05-01T17:45:03+00:00\",\"breadcrumb\":{\"@id\":\"https:\/\/melissalahur.com\/en\/shop\/#breadcrumb\"},\"inLanguage\":\"en-US\",\"potentialAction\":[{\"@type\":\"ReadAction\",\"target\":[\"https:\/\/melissalahur.com\/en\/shop\/\"]}]},{\"@type\":\"BreadcrumbList\",\"@id\":\"https:\/\/melissalahur.com\/en\/shop\/#breadcrumb\",\"itemListElement\":[{\"@type\":\"ListItem\",\"position\":1,\"name\":\"Portada\",\"item\":\"https:\/\/melissalahur.com\/en\/\"},{\"@type\":\"ListItem\",\"position\":2,\"name\":\"Shop\"}]},{\"@type\":\"WebSite\",\"@id\":\"https:\/\/melissalahur.com\/en\/#website\",\"url\":\"https:\/\/melissalahur.com\/en\/\",\"name\":\"Melissa L\u00e1hur - P\u00e1gina Oficial de la Artista y Cantante Colombiana\",\"description\":\"Bienvenido al sitio oficial de Melissa L\u00e1hur, la talentosa cantante y m\u00fasica colombiana. Descubre su m\u00fasica, videos, eventos y m\u00e1s.\",\"potentialAction\":[{\"@type\":\"SearchAction\",\"target\":{\"@type\":\"EntryPoint\",\"urlTemplate\":\"https:\/\/melissalahur.com\/en\/?s={search_term_string}\"},\"query-input\":{\"@type\":\"PropertyValueSpecification\",\"valueRequired\":true,\"valueName\":\"search_term_string\"}}],\"inLanguage\":\"en-US\"}]}<\/script>\n<!-- \/ Yoast SEO Premium plugin. -->","yoast_head_json":{"title":"Shop - Melissa L\u00e1hur - P\u00e1gina Oficial de la Artista y Cantante Colombiana","robots":{"index":"index","follow":"follow","max-snippet":"max-snippet:-1","max-image-preview":"max-image-preview:large","max-video-preview":"max-video-preview:-1"},"canonical":"https:\/\/melissalahur.com\/en\/shop\/","og_locale":"en_US","og_type":"article","og_title":"Shop","og_url":"https:\/\/melissalahur.com\/en\/shop\/","og_site_name":"Melissa L\u00e1hur - P\u00e1gina Oficial de la Artista y Cantante Colombiana","article_modified_time":"2023-05-01T17:45:03+00:00","twitter_card":"summary_large_image","schema":{"@context":"https:\/\/schema.org","@graph":[{"@type":"WebPage","@id":"https:\/\/melissalahur.com\/en\/shop\/","url":"https:\/\/melissalahur.com\/en\/shop\/","name":"Shop - Melissa L\u00e1hur - P\u00e1gina Oficial de la Artista y Cantante Colombiana","isPartOf":{"@id":"https:\/\/melissalahur.com\/en\/#website"},"datePublished":"2023-05-01T17:45:00+00:00","dateModified":"2023-05-01T17:45:03+00:00","breadcrumb":{"@id":"https:\/\/melissalahur.com\/en\/shop\/#breadcrumb"},"inLanguage":"en-US","potentialAction":[{"@type":"ReadAction","target":["https:\/\/melissalahur.com\/en\/shop\/"]}]},{"@type":"BreadcrumbList","@id":"https:\/\/melissalahur.com\/en\/shop\/#breadcrumb","itemListElement":[{"@type":"ListItem","position":1,"name":"Portada","item":"https:\/\/melissalahur.com\/en\/"},{"@type":"ListItem","position":2,"name":"Shop"}]},{"@type":"WebSite","@id":"https:\/\/melissalahur.com\/en\/#website","url":"https:\/\/melissalahur.com\/en\/","name":"Melissa L\u00e1hur - P\u00e1gina Oficial de la Artista y Cantante Colombiana","description":"Bienvenido al sitio oficial de Melissa L\u00e1hur, la talentosa cantante y m\u00fasica colombiana. Descubre su m\u00fasica, videos, eventos y m\u00e1s.","potentialAction":[{"@type":"SearchAction","target":{"@type":"EntryPoint","urlTemplate":"https:\/\/melissalahur.com\/en\/?s={search_term_string}"},"query-input":{"@type":"PropertyValueSpecification","valueRequired":true,"valueName":"search_term_string"}}],"inLanguage":"en-US"}]}},"featured_image_src":null,"featured_image_src_square":null,"_links":{"self":[{"href":"https:\/\/melissalahur.com\/en\/wp-json\/wp\/v2\/pages\/9049","targetHints":{"allow":["GET"]}}],"collection":[{"href":"https:\/\/melissalahur.com\/en\/wp-json\/wp\/v2\/pages"}],"about":[{"href":"https:\/\/melissalahur.com\/en\/wp-json\/wp\/v2\/types\/page"}],"author":[{"embeddable":true,"href":"https:\/\/melissalahur.com\/en\/wp-json\/wp\/v2\/users\/2"}],"replies":[{"embeddable":true,"href":"https:\/\/melissalahur.com\/en\/wp-json\/wp\/v2\/comments?post=9049"}],"version-history":[{"count":0,"href":"https:\/\/melissalahur.com\/en\/wp-json\/wp\/v2\/pages\/9049\/revisions"}],"wp:attachment":[{"href":"https:\/\/melissalahur.com\/en\/wp-json\/wp\/v2\/media?parent=9049"}],"curies":[{"name":"wp","href":"https:\/\/api.w.org\/{rel}","templated":true}]}}